{"id":485,"date":"2019-12-27T19:49:29","date_gmt":"2019-12-27T18:49:29","guid":{"rendered":"http:\/\/plumedeciel-leelybrok.fr\/?page_id=485"},"modified":"2026-01-03T16:50:12","modified_gmt":"2026-01-03T15:50:12","slug":"premieres-gravures-avec-ma-machine-a-lasagnes-merci-raphaelle","status":"publish","type":"page","link":"https:\/\/plumedeciel-leelybrok.fr\/index.php\/plume-de-ciel-par-lee-ly-brok\/les-dessins-divers\/premieres-gravures-avec-ma-machine-a-lasagnes-merci-raphaelle\/","title":{"rendered":"Gravure et estampes"},"content":{"rendered":"\n<p><a href=\"https:\/\/plumedeciel-leelybrok.fr\/index.php\/plume-de-ciel-par-lee-ly-brok\/les-dessins-divers\/\">RETOUR \u00e0 DESSINS DIVERS<\/a><\/p>\n\n\n\n<figure class=\"wp-block-image size-large\"><img loading=\"lazy\" decoding=\"async\" width=\"768\" height=\"1024\" src=\"https:\/\/plumedeciel-leelybrok.fr\/wp-content\/uploads\/2021\/01\/IMG_8264-768x1024.jpg\" alt=\"\" class=\"wp-image-874\" srcset=\"https:\/\/plumedeciel-leelybrok.fr\/wp-content\/uploads\/2021\/01\/IMG_8264-768x1024.jpg 768w, https:\/\/plumedeciel-leelybrok.fr\/wp-content\/uploads\/2021\/01\/IMG_8264-225x300.jpg 225w, https:\/\/plumedeciel-leelybrok.fr\/wp-content\/uploads\/2021\/01\/IMG_8264-1152x1536.jpg 1152w, https:\/\/plumedeciel-leelybrok.fr\/wp-content\/uploads\/2021\/01\/IMG_8264-1536x2048.jpg 1536w, https:\/\/plumedeciel-leelybrok.fr\/wp-content\/uploads\/2021\/01\/IMG_8264-scaled.jpg 1920w\" sizes=\"auto, (max-width: 768px) 100vw, 768px\" \/><figcaption class=\"wp-element-caption\">M\u00e9sange bleue, 25 janvier 2021<\/figcaption><\/figure>\n\n\n\n<figure class=\"wp-block-image size-large\"><img loading=\"lazy\" decoding=\"async\" width=\"1024\" height=\"763\" src=\"https:\/\/plumedeciel-leelybrok.fr\/wp-content\/uploads\/2020\/01\/olivier1-1024x763.jpg\" alt=\"\" class=\"wp-image-540\" srcset=\"https:\/\/plumedeciel-leelybrok.fr\/wp-content\/uploads\/2020\/01\/olivier1-1024x763.jpg 1024w, https:\/\/plumedeciel-leelybrok.fr\/wp-content\/uploads\/2020\/01\/olivier1-300x223.jpg 300w, https:\/\/plumedeciel-leelybrok.fr\/wp-content\/uploads\/2020\/01\/olivier1-768x572.jpg 768w, https:\/\/plumedeciel-leelybrok.fr\/wp-content\/uploads\/2020\/01\/olivier1.jpg 1469w\" sizes=\"auto, (max-width: 1024px) 100vw, 1024px\" \/><\/figure>\n\n\n\n<figure class=\"wp-block-image size-large\"><img loading=\"lazy\" decoding=\"async\" width=\"781\" height=\"1024\" src=\"https:\/\/plumedeciel-leelybrok.fr\/wp-content\/uploads\/2020\/01\/IMG_0130-781x1024.jpg\" alt=\"\" class=\"wp-image-559\" srcset=\"https:\/\/plumedeciel-leelybrok.fr\/wp-content\/uploads\/2020\/01\/IMG_0130-781x1024.jpg 781w, https:\/\/plumedeciel-leelybrok.fr\/wp-content\/uploads\/2020\/01\/IMG_0130-229x300.jpg 229w, https:\/\/plumedeciel-leelybrok.fr\/wp-content\/uploads\/2020\/01\/IMG_0130-768x1007.jpg 768w, https:\/\/plumedeciel-leelybrok.fr\/wp-content\/uploads\/2020\/01\/IMG_0130-1171x1536.jpg 1171w, https:\/\/plumedeciel-leelybrok.fr\/wp-content\/uploads\/2020\/01\/IMG_0130-1561x2048.jpg 1561w, https:\/\/plumedeciel-leelybrok.fr\/wp-content\/uploads\/2020\/01\/IMG_0130-scaled.jpg 1952w\" sizes=\"auto, (max-width: 781px) 100vw, 781px\" \/><\/figure>\n\n\n<p>Toutes premi\u00e8res gravures avec ma machine \u00e0 lasagnes!<\/p>\n<p>(Merci Rapha\u00eblle, merci Quartier d&rsquo;Artistes !))<\/p>\n<p><img loading=\"lazy\" decoding=\"async\" class=\"alignnone wp-image-486 size-full\" src=\"http:\/\/plumedeciel-leelybrok.fr\/wp-content\/uploads\/2019\/12\/fullsizeoutput_10bb.jpeg\" alt=\"fullsizeoutput_10bb\" width=\"2311\" height=\"2848\" srcset=\"https:\/\/plumedeciel-leelybrok.fr\/wp-content\/uploads\/2019\/12\/fullsizeoutput_10bb.jpeg 2311w, https:\/\/plumedeciel-leelybrok.fr\/wp-content\/uploads\/2019\/12\/fullsizeoutput_10bb-243x300.jpeg 243w, https:\/\/plumedeciel-leelybrok.fr\/wp-content\/uploads\/2019\/12\/fullsizeoutput_10bb-768x946.jpeg 768w, https:\/\/plumedeciel-leelybrok.fr\/wp-content\/uploads\/2019\/12\/fullsizeoutput_10bb-831x1024.jpeg 831w\" sizes=\"auto, (max-width: 2311px) 100vw, 2311px\" \/><\/p>\n<p><img loading=\"lazy\" decoding=\"async\" class=\"alignnone wp-image-488 size-full\" src=\"http:\/\/plumedeciel-leelybrok.fr\/wp-content\/uploads\/2019\/12\/fullsizeoutput_10b9.jpeg\" alt=\"fullsizeoutput_10b9\" width=\"3383\" height=\"2313\" srcset=\"https:\/\/plumedeciel-leelybrok.fr\/wp-content\/uploads\/2019\/12\/fullsizeoutput_10b9.jpeg 3383w, https:\/\/plumedeciel-leelybrok.fr\/wp-content\/uploads\/2019\/12\/fullsizeoutput_10b9-300x205.jpeg 300w, https:\/\/plumedeciel-leelybrok.fr\/wp-content\/uploads\/2019\/12\/fullsizeoutput_10b9-768x525.jpeg 768w, https:\/\/plumedeciel-leelybrok.fr\/wp-content\/uploads\/2019\/12\/fullsizeoutput_10b9-1024x700.jpeg 1024w\" sizes=\"auto, (max-width: 3383px) 100vw, 3383px\" \/><\/p>\n<p><img loading=\"lazy\" decoding=\"async\" class=\"alignnone wp-image-487 size-full\" src=\"http:\/\/plumedeciel-leelybrok.fr\/wp-content\/uploads\/2019\/12\/fullsizeoutput_10ba.jpeg\" alt=\"fullsizeoutput_10ba\" width=\"3312\" height=\"2393\" srcset=\"https:\/\/plumedeciel-leelybrok.fr\/wp-content\/uploads\/2019\/12\/fullsizeoutput_10ba.jpeg 3312w, https:\/\/plumedeciel-leelybrok.fr\/wp-content\/uploads\/2019\/12\/fullsizeoutput_10ba-300x217.jpeg 300w, https:\/\/plumedeciel-leelybrok.fr\/wp-content\/uploads\/2019\/12\/fullsizeoutput_10ba-768x555.jpeg 768w, https:\/\/plumedeciel-leelybrok.fr\/wp-content\/uploads\/2019\/12\/fullsizeoutput_10ba-1024x740.jpeg 1024w\" sizes=\"auto, (max-width: 3312px) 100vw, 3312px\" \/><\/p>","protected":false},"excerpt":{"rendered":"<p>RETOUR \u00e0 DESSINS DIVERS Toutes premi\u00e8res gravures avec ma machine \u00e0 lasagnes! (Merci Rapha\u00eblle, merci Quartier d&rsquo;Artistes !))<\/p>\n","protected":false},"author":1,"featured_media":0,"parent":1234,"menu_order":1,"comment_status":"closed","ping_status":"closed","template":"","meta":{"footnotes":""},"class_list":["post-485","page","type-page","status-publish","hentry"],"yoast_head":"<!-- This site is optimized with the Yoast SEO plugin v27.5 - https:\/\/yoast.com\/product\/yoast-seo-wordpress\/ -->\n<title>Gravure et estampes - PLUME de CIEL<\/title>\n<meta name=\"description\" content=\"gravure lasagnes tetrapac graphisme encres quartier d&#039;artistes art artisanat peinture estampe inspiration recup recyclage\" \/>\n<meta name=\"robots\" content=\"index, follow, max-snippet:-1, max-image-preview:large, max-video-preview:-1\" \/>\n<link rel=\"canonical\" href=\"https:\/\/plumedeciel-leelybrok.fr\/index.php\/plume-de-ciel-par-lee-ly-brok\/les-dessins-divers\/premieres-gravures-avec-ma-machine-a-lasagnes-merci-raphaelle\/\" \/>\n<meta property=\"og:locale\" content=\"fr_FR\" \/>\n<meta property=\"og:type\" content=\"article\" \/>\n<meta property=\"og:title\" content=\"Gravure et estampes - PLUME de CIEL\" \/>\n<meta property=\"og:description\" content=\"gravure lasagnes tetrapac graphisme encres quartier d&#039;artistes art artisanat peinture estampe inspiration recup recyclage\" \/>\n<meta property=\"og:url\" content=\"https:\/\/plumedeciel-leelybrok.fr\/index.php\/plume-de-ciel-par-lee-ly-brok\/les-dessins-divers\/premieres-gravures-avec-ma-machine-a-lasagnes-merci-raphaelle\/\" \/>\n<meta property=\"og:site_name\" content=\"PLUME de CIEL\" \/>\n<meta property=\"article:publisher\" content=\"https:\/\/www.facebook.com\/leelybrok\/\" \/>\n<meta property=\"article:modified_time\" content=\"2026-01-03T15:50:12+00:00\" \/>\n<meta property=\"og:image\" content=\"https:\/\/plumedeciel-leelybrok.fr\/wp-content\/uploads\/2021\/01\/IMG_8264-768x1024.jpg\" \/>\n<meta name=\"twitter:card\" content=\"summary_large_image\" \/>\n<meta name=\"twitter:label1\" content=\"Dur\u00e9e de lecture estim\u00e9e\" \/>\n\t<meta name=\"twitter:data1\" content=\"2 minutes\" \/>\n<script type=\"application\/ld+json\" class=\"yoast-schema-graph\">{\"@context\":\"https:\\\/\\\/schema.org\",\"@graph\":[{\"@type\":\"WebPage\",\"@id\":\"https:\\\/\\\/plumedeciel-leelybrok.fr\\\/index.php\\\/plume-de-ciel-par-lee-ly-brok\\\/les-dessins-divers\\\/premieres-gravures-avec-ma-machine-a-lasagnes-merci-raphaelle\\\/\",\"url\":\"https:\\\/\\\/plumedeciel-leelybrok.fr\\\/index.php\\\/plume-de-ciel-par-lee-ly-brok\\\/les-dessins-divers\\\/premieres-gravures-avec-ma-machine-a-lasagnes-merci-raphaelle\\\/\",\"name\":\"Gravure et estampes - PLUME de CIEL\",\"isPartOf\":{\"@id\":\"https:\\\/\\\/plumedeciel-leelybrok.fr\\\/#website\"},\"primaryImageOfPage\":{\"@id\":\"https:\\\/\\\/plumedeciel-leelybrok.fr\\\/index.php\\\/plume-de-ciel-par-lee-ly-brok\\\/les-dessins-divers\\\/premieres-gravures-avec-ma-machine-a-lasagnes-merci-raphaelle\\\/#primaryimage\"},\"image\":{\"@id\":\"https:\\\/\\\/plumedeciel-leelybrok.fr\\\/index.php\\\/plume-de-ciel-par-lee-ly-brok\\\/les-dessins-divers\\\/premieres-gravures-avec-ma-machine-a-lasagnes-merci-raphaelle\\\/#primaryimage\"},\"thumbnailUrl\":\"https:\\\/\\\/plumedeciel-leelybrok.fr\\\/wp-content\\\/uploads\\\/2021\\\/01\\\/IMG_8264-768x1024.jpg\",\"datePublished\":\"2019-12-27T18:49:29+00:00\",\"dateModified\":\"2026-01-03T15:50:12+00:00\",\"description\":\"gravure lasagnes tetrapac graphisme encres quartier d'artistes art artisanat peinture estampe inspiration recup recyclage\",\"breadcrumb\":{\"@id\":\"https:\\\/\\\/plumedeciel-leelybrok.fr\\\/index.php\\\/plume-de-ciel-par-lee-ly-brok\\\/les-dessins-divers\\\/premieres-gravures-avec-ma-machine-a-lasagnes-merci-raphaelle\\\/#breadcrumb\"},\"inLanguage\":\"fr-FR\",\"potentialAction\":[{\"@type\":\"ReadAction\",\"target\":[\"https:\\\/\\\/plumedeciel-leelybrok.fr\\\/index.php\\\/plume-de-ciel-par-lee-ly-brok\\\/les-dessins-divers\\\/premieres-gravures-avec-ma-machine-a-lasagnes-merci-raphaelle\\\/\"]}]},{\"@type\":\"ImageObject\",\"inLanguage\":\"fr-FR\",\"@id\":\"https:\\\/\\\/plumedeciel-leelybrok.fr\\\/index.php\\\/plume-de-ciel-par-lee-ly-brok\\\/les-dessins-divers\\\/premieres-gravures-avec-ma-machine-a-lasagnes-merci-raphaelle\\\/#primaryimage\",\"url\":\"https:\\\/\\\/plumedeciel-leelybrok.fr\\\/wp-content\\\/uploads\\\/2021\\\/01\\\/IMG_8264-768x1024.jpg\",\"contentUrl\":\"https:\\\/\\\/plumedeciel-leelybrok.fr\\\/wp-content\\\/uploads\\\/2021\\\/01\\\/IMG_8264-768x1024.jpg\"},{\"@type\":\"BreadcrumbList\",\"@id\":\"https:\\\/\\\/plumedeciel-leelybrok.fr\\\/index.php\\\/plume-de-ciel-par-lee-ly-brok\\\/les-dessins-divers\\\/premieres-gravures-avec-ma-machine-a-lasagnes-merci-raphaelle\\\/#breadcrumb\",\"itemListElement\":[{\"@type\":\"ListItem\",\"position\":1,\"name\":\"Accueil\",\"item\":\"https:\\\/\\\/plumedeciel-leelybrok.fr\\\/\"},{\"@type\":\"ListItem\",\"position\":2,\"name\":\"PLUME de CIEL\",\"item\":\"https:\\\/\\\/plumedeciel-leelybrok.fr\\\/\"},{\"@type\":\"ListItem\",\"position\":3,\"name\":\"Les dessins divers\",\"item\":\"https:\\\/\\\/plumedeciel-leelybrok.fr\\\/index.php\\\/plume-de-ciel-par-lee-ly-brok\\\/les-dessins-divers\\\/\"},{\"@type\":\"ListItem\",\"position\":4,\"name\":\"Gravure et estampes\"}]},{\"@type\":\"WebSite\",\"@id\":\"https:\\\/\\\/plumedeciel-leelybrok.fr\\\/#website\",\"url\":\"https:\\\/\\\/plumedeciel-leelybrok.fr\\\/\",\"name\":\"Plume de Ciel\",\"description\":\"Par Lee Ly Brok\",\"publisher\":{\"@id\":\"https:\\\/\\\/plumedeciel-leelybrok.fr\\\/#organization\"},\"potentialAction\":[{\"@type\":\"SearchAction\",\"target\":{\"@type\":\"EntryPoint\",\"urlTemplate\":\"https:\\\/\\\/plumedeciel-leelybrok.fr\\\/?s={search_term_string}\"},\"query-input\":{\"@type\":\"PropertyValueSpecification\",\"valueRequired\":true,\"valueName\":\"search_term_string\"}}],\"inLanguage\":\"fr-FR\"},{\"@type\":\"Organization\",\"@id\":\"https:\\\/\\\/plumedeciel-leelybrok.fr\\\/#organization\",\"name\":\"Plume de ciel\",\"url\":\"https:\\\/\\\/plumedeciel-leelybrok.fr\\\/\",\"logo\":{\"@type\":\"ImageObject\",\"inLanguage\":\"fr-FR\",\"@id\":\"https:\\\/\\\/plumedeciel-leelybrok.fr\\\/#\\\/schema\\\/logo\\\/image\\\/\",\"url\":\"https:\\\/\\\/plumedeciel-leelybrok.fr\\\/wp-content\\\/uploads\\\/2019\\\/04\\\/fullsizeoutput_10c2-793x1024.jpeg\",\"contentUrl\":\"https:\\\/\\\/plumedeciel-leelybrok.fr\\\/wp-content\\\/uploads\\\/2019\\\/04\\\/fullsizeoutput_10c2-793x1024.jpeg\",\"width\":793,\"height\":1024,\"caption\":\"Plume de ciel\"},\"image\":{\"@id\":\"https:\\\/\\\/plumedeciel-leelybrok.fr\\\/#\\\/schema\\\/logo\\\/image\\\/\"},\"sameAs\":[\"https:\\\/\\\/www.facebook.com\\\/leelybrok\\\/\"]}]}<\/script>\n<!-- \/ Yoast SEO plugin. -->","yoast_head_json":{"title":"Gravure et estampes - PLUME de CIEL","description":"gravure lasagnes tetrapac graphisme encres quartier d'artistes art artisanat peinture estampe inspiration recup recyclage","robots":{"index":"index","follow":"follow","max-snippet":"max-snippet:-1","max-image-preview":"max-image-preview:large","max-video-preview":"max-video-preview:-1"},"canonical":"https:\/\/plumedeciel-leelybrok.fr\/index.php\/plume-de-ciel-par-lee-ly-brok\/les-dessins-divers\/premieres-gravures-avec-ma-machine-a-lasagnes-merci-raphaelle\/","og_locale":"fr_FR","og_type":"article","og_title":"Gravure et estampes - PLUME de CIEL","og_description":"gravure lasagnes tetrapac graphisme encres quartier d'artistes art artisanat peinture estampe inspiration recup recyclage","og_url":"https:\/\/plumedeciel-leelybrok.fr\/index.php\/plume-de-ciel-par-lee-ly-brok\/les-dessins-divers\/premieres-gravures-avec-ma-machine-a-lasagnes-merci-raphaelle\/","og_site_name":"PLUME de CIEL","article_publisher":"https:\/\/www.facebook.com\/leelybrok\/","article_modified_time":"2026-01-03T15:50:12+00:00","og_image":[{"url":"https:\/\/plumedeciel-leelybrok.fr\/wp-content\/uploads\/2021\/01\/IMG_8264-768x1024.jpg","type":"","width":"","height":""}],"twitter_card":"summary_large_image","twitter_misc":{"Dur\u00e9e de lecture estim\u00e9e":"2 minutes"},"schema":{"@context":"https:\/\/schema.org","@graph":[{"@type":"WebPage","@id":"https:\/\/plumedeciel-leelybrok.fr\/index.php\/plume-de-ciel-par-lee-ly-brok\/les-dessins-divers\/premieres-gravures-avec-ma-machine-a-lasagnes-merci-raphaelle\/","url":"https:\/\/plumedeciel-leelybrok.fr\/index.php\/plume-de-ciel-par-lee-ly-brok\/les-dessins-divers\/premieres-gravures-avec-ma-machine-a-lasagnes-merci-raphaelle\/","name":"Gravure et estampes - PLUME de CIEL","isPartOf":{"@id":"https:\/\/plumedeciel-leelybrok.fr\/#website"},"primaryImageOfPage":{"@id":"https:\/\/plumedeciel-leelybrok.fr\/index.php\/plume-de-ciel-par-lee-ly-brok\/les-dessins-divers\/premieres-gravures-avec-ma-machine-a-lasagnes-merci-raphaelle\/#primaryimage"},"image":{"@id":"https:\/\/plumedeciel-leelybrok.fr\/index.php\/plume-de-ciel-par-lee-ly-brok\/les-dessins-divers\/premieres-gravures-avec-ma-machine-a-lasagnes-merci-raphaelle\/#primaryimage"},"thumbnailUrl":"https:\/\/plumedeciel-leelybrok.fr\/wp-content\/uploads\/2021\/01\/IMG_8264-768x1024.jpg","datePublished":"2019-12-27T18:49:29+00:00","dateModified":"2026-01-03T15:50:12+00:00","description":"gravure lasagnes tetrapac graphisme encres quartier d'artistes art artisanat peinture estampe inspiration recup recyclage","breadcrumb":{"@id":"https:\/\/plumedeciel-leelybrok.fr\/index.php\/plume-de-ciel-par-lee-ly-brok\/les-dessins-divers\/premieres-gravures-avec-ma-machine-a-lasagnes-merci-raphaelle\/#breadcrumb"},"inLanguage":"fr-FR","potentialAction":[{"@type":"ReadAction","target":["https:\/\/plumedeciel-leelybrok.fr\/index.php\/plume-de-ciel-par-lee-ly-brok\/les-dessins-divers\/premieres-gravures-avec-ma-machine-a-lasagnes-merci-raphaelle\/"]}]},{"@type":"ImageObject","inLanguage":"fr-FR","@id":"https:\/\/plumedeciel-leelybrok.fr\/index.php\/plume-de-ciel-par-lee-ly-brok\/les-dessins-divers\/premieres-gravures-avec-ma-machine-a-lasagnes-merci-raphaelle\/#primaryimage","url":"https:\/\/plumedeciel-leelybrok.fr\/wp-content\/uploads\/2021\/01\/IMG_8264-768x1024.jpg","contentUrl":"https:\/\/plumedeciel-leelybrok.fr\/wp-content\/uploads\/2021\/01\/IMG_8264-768x1024.jpg"},{"@type":"BreadcrumbList","@id":"https:\/\/plumedeciel-leelybrok.fr\/index.php\/plume-de-ciel-par-lee-ly-brok\/les-dessins-divers\/premieres-gravures-avec-ma-machine-a-lasagnes-merci-raphaelle\/#breadcrumb","itemListElement":[{"@type":"ListItem","position":1,"name":"Accueil","item":"https:\/\/plumedeciel-leelybrok.fr\/"},{"@type":"ListItem","position":2,"name":"PLUME de CIEL","item":"https:\/\/plumedeciel-leelybrok.fr\/"},{"@type":"ListItem","position":3,"name":"Les dessins divers","item":"https:\/\/plumedeciel-leelybrok.fr\/index.php\/plume-de-ciel-par-lee-ly-brok\/les-dessins-divers\/"},{"@type":"ListItem","position":4,"name":"Gravure et estampes"}]},{"@type":"WebSite","@id":"https:\/\/plumedeciel-leelybrok.fr\/#website","url":"https:\/\/plumedeciel-leelybrok.fr\/","name":"Plume de Ciel","description":"Par Lee Ly Brok","publisher":{"@id":"https:\/\/plumedeciel-leelybrok.fr\/#organization"},"potentialAction":[{"@type":"SearchAction","target":{"@type":"EntryPoint","urlTemplate":"https:\/\/plumedeciel-leelybrok.fr\/?s={search_term_string}"},"query-input":{"@type":"PropertyValueSpecification","valueRequired":true,"valueName":"search_term_string"}}],"inLanguage":"fr-FR"},{"@type":"Organization","@id":"https:\/\/plumedeciel-leelybrok.fr\/#organization","name":"Plume de ciel","url":"https:\/\/plumedeciel-leelybrok.fr\/","logo":{"@type":"ImageObject","inLanguage":"fr-FR","@id":"https:\/\/plumedeciel-leelybrok.fr\/#\/schema\/logo\/image\/","url":"https:\/\/plumedeciel-leelybrok.fr\/wp-content\/uploads\/2019\/04\/fullsizeoutput_10c2-793x1024.jpeg","contentUrl":"https:\/\/plumedeciel-leelybrok.fr\/wp-content\/uploads\/2019\/04\/fullsizeoutput_10c2-793x1024.jpeg","width":793,"height":1024,"caption":"Plume de ciel"},"image":{"@id":"https:\/\/plumedeciel-leelybrok.fr\/#\/schema\/logo\/image\/"},"sameAs":["https:\/\/www.facebook.com\/leelybrok\/"]}]}},"_links":{"self":[{"href":"https:\/\/plumedeciel-leelybrok.fr\/index.php\/wp-json\/wp\/v2\/pages\/485","targetHints":{"allow":["GET"]}}],"collection":[{"href":"https:\/\/plumedeciel-leelybrok.fr\/index.php\/wp-json\/wp\/v2\/pages"}],"about":[{"href":"https:\/\/plumedeciel-leelybrok.fr\/index.php\/wp-json\/wp\/v2\/types\/page"}],"author":[{"embeddable":true,"href":"https:\/\/plumedeciel-leelybrok.fr\/index.php\/wp-json\/wp\/v2\/users\/1"}],"replies":[{"embeddable":true,"href":"https:\/\/plumedeciel-leelybrok.fr\/index.php\/wp-json\/wp\/v2\/comments?post=485"}],"version-history":[{"count":8,"href":"https:\/\/plumedeciel-leelybrok.fr\/index.php\/wp-json\/wp\/v2\/pages\/485\/revisions"}],"predecessor-version":[{"id":1237,"href":"https:\/\/plumedeciel-leelybrok.fr\/index.php\/wp-json\/wp\/v2\/pages\/485\/revisions\/1237"}],"up":[{"embeddable":true,"href":"https:\/\/plumedeciel-leelybrok.fr\/index.php\/wp-json\/wp\/v2\/pages\/1234"}],"wp:attachment":[{"href":"https:\/\/plumedeciel-leelybrok.fr\/index.php\/wp-json\/wp\/v2\/media?parent=485"}],"curies":[{"name":"wp","href":"https:\/\/api.w.org\/{rel}","templated":true}]}}